{"id":38,"date":"2022-01-05T14:29:27","date_gmt":"2022-01-05T14:29:27","guid":{"rendered":"https:\/\/www.fiduciairelebet.ch\/?page_id=38"},"modified":"2022-01-12T12:44:55","modified_gmt":"2022-01-12T12:44:55","slug":"domaines-dactivite","status":"publish","type":"page","link":"https:\/\/www.fiduciairelebet.ch\/index.php\/domaines-dactivite\/","title":{"rendered":"Nos domaines d&rsquo;activit\u00e9"},"content":{"rendered":"\n<p><\/p>\n\n\n\n<ul class=\"wp-block-list\"><li><strong>Comptabilit\u00e9<\/strong> (TVA effective et forfaitaire, comptabilit\u00e9 agricole, etc&#8230;)<\/li><li>Etablissement de Business Plan<\/li><li>R\u00e9visions<\/li><li><strong>D\u00e9clarations d&rsquo;imp\u00f4ts<\/strong> des personnes physiques et morales et d\u00e9clarations de successions<\/li><li><strong>G\u00e9rances immobili\u00e8res et administration PPE<\/strong><\/li><li>Gestion administratives et domiciliation de soci\u00e9t\u00e9s<\/li><li>Administrateurs de soci\u00e9t\u00e9s<\/li><li><strong>Gestion compl\u00e8te de curatelles<\/strong><\/li><li>Etablissement des <strong>salaires<\/strong> mensuellement et des <strong>certificats de salaire<\/strong> avec d\u00e9compte aupr\u00e8s des assurances sociales<\/li><li><strong>Travaux Covid<\/strong> (APG, RHT, Cas de rigueur,  etc&#8230;)<\/li><\/ul>\n","protected":false},"excerpt":{"rendered":"<p>Comptabilit\u00e9 (TVA effective et forfaitaire, comptabilit\u00e9 agricole, etc&#8230;) Etablissement de Business Plan R\u00e9visions D\u00e9clarations d&rsquo;imp\u00f4ts des personnes physiques et morales et d\u00e9clarations de successions G\u00e9rances immobili\u00e8res et administration PPE Gestion administratives et domiciliation de soci\u00e9t\u00e9s Administrateurs de soci\u00e9t\u00e9s Gestion compl\u00e8te de curatelles Etablissement des salaires mensuellement et des certificats de salaire avec d\u00e9compte aupr\u00e8s des [&hellip;]<\/p>\n","protected":false},"author":1,"featured_media":0,"parent":0,"menu_order":0,"comment_status":"closed","ping_status":"closed","template":"","meta":{"footnotes":""},"class_list":["post-38","page","type-page","status-publish","hentry"],"_links":{"self":[{"href":"https:\/\/www.fiduciairelebet.ch\/index.php\/wp-json\/wp\/v2\/pages\/38","targetHints":{"allow":["GET"]}}],"collection":[{"href":"https:\/\/www.fiduciairelebet.ch\/index.php\/wp-json\/wp\/v2\/pages"}],"about":[{"href":"https:\/\/www.fiduciairelebet.ch\/index.php\/wp-json\/wp\/v2\/types\/page"}],"author":[{"embeddable":true,"href":"https:\/\/www.fiduciairelebet.ch\/index.php\/wp-json\/wp\/v2\/users\/1"}],"replies":[{"embeddable":true,"href":"https:\/\/www.fiduciairelebet.ch\/index.php\/wp-json\/wp\/v2\/comments?post=38"}],"version-history":[{"count":6,"href":"https:\/\/www.fiduciairelebet.ch\/index.php\/wp-json\/wp\/v2\/pages\/38\/revisions"}],"predecessor-version":[{"id":107,"href":"https:\/\/www.fiduciairelebet.ch\/index.php\/wp-json\/wp\/v2\/pages\/38\/revisions\/107"}],"wp:attachment":[{"href":"https:\/\/www.fiduciairelebet.ch\/index.php\/wp-json\/wp\/v2\/media?parent=38"}],"curies":[{"name":"wp","href":"https:\/\/api.w.org\/{rel}","templated":true}]}}